{"id":6436,"date":"2022-06-08T13:18:30","date_gmt":"2022-06-08T12:18:30","guid":{"rendered":"https:\/\/connectedmobile.de\/kuenye\/"},"modified":"2024-03-29T14:09:31","modified_gmt":"2024-03-29T13:09:31","slug":"kuenye","status":"publish","type":"page","link":"https:\/\/connectedmobile.de\/tr\/kuenye\/","title":{"rendered":"K\u00fcnye"},"content":{"rendered":"\t\t<div data-elementor-type=\"wp-page\" data-elementor-id=\"6436\" class=\"elementor elementor-6436 elementor-3\" data-elementor-post-type=\"page\">\n\t\t\t\t\t\t<section class=\"elementor-section elementor-top-section elementor-element elementor-element-27fecfdd elementor-section-boxed elementor-section-height-default elementor-section-height-default\" data-id=\"27fecfdd\" data-element_type=\"section\">\n\t\t\t\t\t\t<div class=\"elementor-container elementor-column-gap-default\">\n\t\t\t\t\t<div class=\"elementor-column elementor-col-100 elementor-top-column elementor-element elementor-element-4c5bd07a\" data-id=\"4c5bd07a\" data-element_type=\"column\">\n\t\t\t<div class=\"elementor-widget-wrap elementor-element-populated\">\n\t\t\t\t\t\t<div class=\"elementor-element elementor-element-7546b005 elementor-widget elementor-widget-text-editor\" data-id=\"7546b005\" data-element_type=\"widget\" data-widget_type=\"text-editor.default\">\n\t\t\t\t\t\t\t\t\t<p><\/p>\n<p><strong>K\u00fcnye<\/strong><\/p>\n<p>TMG Madde 5 uyar\u0131nca bilgiler  <br>Connected Mobile GmbH  <br>Hombergerstr. 41c  <br>47441 Moers<\/p>\n<p>Genel M\u00fcd\u00fcr: Kerim Yolcu<\/p>\n<p>Ticaret sicil kayd\u0131: HRB17858  <br>Kay\u0131t mahkemesi: Kleve yerel mahkemesi<\/p>\n<p>Bize ula\u015f\u0131n  <br>Telefon: 028416085166  <br>E-posta: info@connectedmobile.de<\/p>\n<p>Sat\u0131\u015f vergisi kimli\u011fi  <br>\u00a7 27 a sat\u0131\u015f vergisi yasas\u0131na g\u00f6re sat\u0131\u015f vergisi kimlik numaras\u0131:  <br>DE350622743<\/p>\n<p> <\/p>\n<p class=\"bodytext\">Sorumluluk Reddi<br>\u0130\u00e7eri\u011fin dikkatli bir \u015fekilde kontrol edilmesine ra\u011fmen, harici ba\u011flant\u0131lar\u0131n i\u00e7eri\u011fi i\u00e7in hi\u00e7bir sorumluluk kabul etmiyoruz. Ba\u011flant\u0131 verilen sayfalar\u0131n operat\u00f6rleri i\u00e7eriklerinden tek ba\u015f\u0131na sorumludur.<\/p>\n<p>Anla\u015fmazl\u0131klar<br>Bir t\u00fcketici olarak, bizimle bir anla\u015fmazl\u0131k durumunda bir tahkim merkezine ba\u015fvurma se\u00e7ene\u011finiz vard\u0131r: <a href=\"http:\/\/ec.europa.eu\/consumers\/odr\/\" target=\"_blank\" rel=\"noopener noreferrer\" data-track-event=\"click\" data-track-action=\"link_clicked\">http:\/\/ec.europa.eu\/consumers\/odr\/<\/a>. Ayr\u0131ca, \u015firketimiz herhangi bir t\u00fcketici uyu\u015fmazl\u0131\u011f\u0131 i\u015fleminde yer almamaktad\u0131r.<\/p>\n<p><\/p>\t\t\t\t\t\t\t\t<\/div>\n\t\t\t\t\t<\/div>\n\t\t<\/div>\n\t\t\t\t\t<\/div>\n\t\t<\/section>\n\t\t\t\t<\/div>\n\t\t","protected":false},"excerpt":{"rendered":"<p>K\u00fcnye TMG Madde 5 uyar\u0131nca bilgiler Connected Mobile GmbH Hombergerstr. 41c 47441 Moers Genel M\u00fcd\u00fcr: Kerim Yolcu Ticaret sicil kayd\u0131: HRB17858 Kay\u0131t mahkemesi: Kleve yerel mahkemesi Bize ula\u015f\u0131n Telefon: 028416085166 E-posta: info@connectedmobile.de Sat\u0131\u015f vergisi kimli\u011fi \u00a7 27 a sat\u0131\u015f vergisi yasas\u0131na g\u00f6re sat\u0131\u015f vergisi kimlik numaras\u0131: DE350622743 Sorumluluk Reddi\u0130\u00e7eri\u011fin dikkatli bir \u015fekilde kontrol edilmesine ra\u011fmen, [&hellip;]<\/p>\n","protected":false},"author":1,"featured_media":0,"parent":0,"menu_order":0,"comment_status":"closed","ping_status":"closed","template":"","meta":{"footnotes":""},"class_list":["post-6436","page","type-page","status-publish","hentry"],"_links":{"self":[{"href":"https:\/\/connectedmobile.de\/tr\/wp-json\/wp\/v2\/pages\/6436","targetHints":{"allow":["GET"]}}],"collection":[{"href":"https:\/\/connectedmobile.de\/tr\/wp-json\/wp\/v2\/pages"}],"about":[{"href":"https:\/\/connectedmobile.de\/tr\/wp-json\/wp\/v2\/types\/page"}],"author":[{"embeddable":true,"href":"https:\/\/connectedmobile.de\/tr\/wp-json\/wp\/v2\/users\/1"}],"replies":[{"embeddable":true,"href":"https:\/\/connectedmobile.de\/tr\/wp-json\/wp\/v2\/comments?post=6436"}],"version-history":[{"count":9,"href":"https:\/\/connectedmobile.de\/tr\/wp-json\/wp\/v2\/pages\/6436\/revisions"}],"predecessor-version":[{"id":6515,"href":"https:\/\/connectedmobile.de\/tr\/wp-json\/wp\/v2\/pages\/6436\/revisions\/6515"}],"wp:attachment":[{"href":"https:\/\/connectedmobile.de\/tr\/wp-json\/wp\/v2\/media?parent=6436"}],"curies":[{"name":"wp","href":"https:\/\/api.w.org\/{rel}","templated":true}]}}